{"id":4079,"date":"2024-12-11T22:29:09","date_gmt":"2024-12-12T01:29:09","guid":{"rendered":"https:\/\/poloniabrasil.org.br\/site\/?page_id=4079"},"modified":"2024-12-16T11:53:01","modified_gmt":"2024-12-16T14:53:01","slug":"biblioteka","status":"publish","type":"page","link":"https:\/\/poloniabrasil.org.br\/site\/pl\/biblioteka\/","title":{"rendered":"Biblioteka"},"content":{"rendered":"\n<p>Za\u0142o\u017cona 10 grudnia 2021 roku przy wsparciu Konsulatu Generalnego Rzeczypospolitej Polskiej, Biblioteka Polsko-Brazylijska im. Zygmunta Sielskiego dzia\u0142a w przestrzeni Domu Kultury Polska Brazylia (CCPB), przy Towarzystwie Polsko-Brazylijskim im. Tadeusza Ko\u015bciuszki (STK). Nazwa biblioteki jest ho\u0142dem dla Zygmunta Sielskiego, kt\u00f3ry przez ponad 70 lat pracowa\u0142 na rzecz utrzymania tego polsko-brazylijskiego towarzystwa.<br>W 2024 roku CCPB zaczyna udost\u0119pnia\u0107 wyszukiwark\u0119 pozycji ksi\u0105\u017ckowych znajduj\u0105cych si\u0119 w zbiorach biblioteki, u\u0142atwiaj\u0105c w ten spos\u00f3b dost\u0119p badaczom i innym zainteresowanym osobom, kt\u00f3re b\u0119d\u0105 mog\u0142y osobi\u015bcie, po wcze\u015bniejszym um\u00f3wieniu si\u0119, zapozna\u0107 si\u0119 z dzie\u0142ami, kt\u00f3re ich interesuj\u0105.<br>Znacz\u0105ca cz\u0119\u015b\u0107 tych zbior\u00f3w nale\u017ca\u0142a do Biblioteki Publicznej Parany, kt\u00f3ra nie b\u0119d\u0105c zainteresowana ich utrzymaniem, przekaza\u0142a je Konsulatowi Generalnemu Rzeczypospolitej Polskiej. W 2024 roku, dzi\u0119ki finansowaniu uzyskanemu od rz\u0105du polskiego, mo\u017cliwe by\u0142o wdro\u017cenie projektu, opracowanego przez Marcosa Nogasa, maj\u0105cego na celu organizacj\u0119 i kontrol\u0119 tych zbior\u00f3w.<br>Biblioteka posiada ponad tysi\u0105c ksi\u0105\u017cek, wydanych w wi\u0119kszo\u015bci mi\u0119dzy ko\u0144cem XIX wieku a latami 70. XX wieku. Stanowi zatem znacz\u0105ce \u017ar\u00f3d\u0142o do bada\u0144 nad tematami polskimi i polsko-brazylijskimi.<br>Cz\u0119\u015b\u0107 zbior\u00f3w sk\u0142ada si\u0119 z dzie\u0142 przywiezionych do Brazylii przez polskich imigrant\u00f3w, kt\u00f3rzy si\u0119 tu osiedlili. Inna cz\u0119\u015b\u0107 obejmuje dzie\u0142a napisane przez polskich autor\u00f3w imigrant\u00f3w lub polonijnych, opublikowane przez polonijne wydawnictwa dzia\u0142aj\u0105ce w Brazylii w ubieg\u0142ym wieku.<br>Zbiory biblioteki zawieraj\u0105 r\u00f3\u017cnorodne dzie\u0142a, od elementarzy szkolnych i polskich almanach\u00f3w w stylu Reader&#8217;s Digest, przez tytu\u0142y z zakresu religii i filozofii, nauk spo\u0142ecznych, geografii i historii, a\u017c po znaczn\u0105 liczb\u0119 wa\u017cnych dzie\u0142 literatury polskiej. W\u015br\u00f3d skarb\u00f3w kolekcji znajduj\u0105 si\u0119 na przyk\u0142ad dzie\u0142o z fotografiami z Powstania Warszawskiego oraz t\u0142umaczenia na j\u0119zyk polski ksi\u0105\u017cek Jorge Amado.<\/p>\n","protected":false},"excerpt":{"rendered":"<p>Za\u0142o\u017cona 10 grudnia 2021 roku przy wsparciu Konsulatu Generalnego Rzeczypospolitej Polskiej, Biblioteka Polsko-Brazylijska im. Zygmunta Sielskiego dzia\u0142a w przestrzeni Domu Kultury Polska Brazylia (CCPB), przy Towarzystwie Polsko-Brazylijskim im. Tadeusza Ko\u015bciuszki (STK). Nazwa biblioteki jest ho\u0142dem dla Zygmunta Sielskiego, kt\u00f3ry przez ponad 70 lat pracowa\u0142 na rzecz utrzymania tego polsko-brazylijskiego towarzystwa.W 2024 roku CCPB zaczyna udost\u0119pnia\u0107 [&hellip;]<\/p>\n","protected":false},"author":1,"featured_media":0,"parent":0,"menu_order":0,"comment_status":"closed","ping_status":"closed","template":"","meta":{"advgb_blocks_editor_width":"","advgb_blocks_columns_visual_guide":"","site-sidebar-layout":"default","site-content-layout":"","ast-site-content-layout":"","site-content-style":"default","site-sidebar-style":"default","ast-global-header-display":"","ast-banner-title-visibility":"","ast-main-header-display":"","ast-hfb-above-header-display":"","ast-hfb-below-header-display":"","ast-hfb-mobile-header-display":"","site-post-title":"","ast-breadcrumbs-content":"","ast-featured-img":"","footer-sml-layout":"","theme-transparent-header-meta":"","adv-header-id-meta":"","stick-header-meta":"","header-above-stick-meta":"","header-main-stick-meta":"","header-below-stick-meta":"","astra-migrate-meta-layouts":"default","ast-page-background-enabled":"default","ast-page-background-meta":{"desktop":{"background-color":"var(--ast-global-color-4)","background-image":"","background-repeat":"repeat","background-position":"center center","background-size":"auto","background-attachment":"scroll","background-type":"","background-media":"","overlay-type":"","overlay-color":"","overlay-opacity":"","overlay-gradient":""},"tablet":{"background-color":"","background-image":"","background-repeat":"repeat","background-position":"center center","background-size":"auto","background-attachment":"scroll","background-type":"","background-media":"","overlay-type":"","overlay-color":"","overlay-opacity":"","overlay-gradient":""},"mobile":{"background-color":"","background-image":"","background-repeat":"repeat","background-position":"center center","background-size":"auto","background-attachment":"scroll","background-type":"","background-media":"","overlay-type":"","overlay-color":"","overlay-opacity":"","overlay-gradient":""}},"ast-content-background-meta":{"desktop":{"background-color":"var(--ast-global-color-5)","background-image":"","background-repeat":"repeat","background-position":"center center","background-size":"auto","background-attachment":"scroll","background-type":"","background-media":"","overlay-type":"","overlay-color":"","overlay-opacity":"","overlay-gradient":""},"tablet":{"background-color":"var(--ast-global-color-5)","background-image":"","background-repeat":"repeat","background-position":"center center","background-size":"auto","background-attachment":"scroll","background-type":"","background-media":"","overlay-type":"","overlay-color":"","overlay-opacity":"","overlay-gradient":""},"mobile":{"background-color":"var(--ast-global-color-5)","background-image":"","background-repeat":"repeat","background-position":"center center","background-size":"auto","background-attachment":"scroll","background-type":"","background-media":"","overlay-type":"","overlay-color":"","overlay-opacity":"","overlay-gradient":""}},"footnotes":""},"class_list":["post-4079","page","type-page","status-publish","hentry"],"coauthors":[],"author_meta":{"author_link":"https:\/\/poloniabrasil.org.br\/site\/author\/adm_casa\/","display_name":"adm_casa"},"relative_dates":{"created":"Publicado 1 ano atr\u00e1s","modified":"Atualizado 1 ano atr\u00e1s"},"absolute_dates":{"created":"Publicado em 11 de dezembro de 2024","modified":"Atualizado em 16 de dezembro de 2024"},"absolute_dates_time":{"created":"Publicado em 11 de dezembro de 2024 22:29","modified":"Atualizado em 16 de dezembro de 2024 11:53"},"featured_img_caption":"","featured_img":false,"series_order":"","jetpack_sharing_enabled":true,"_links":{"self":[{"href":"https:\/\/poloniabrasil.org.br\/site\/wp-json\/wp\/v2\/pages\/4079","targetHints":{"allow":["GET"]}}],"collection":[{"href":"https:\/\/poloniabrasil.org.br\/site\/wp-json\/wp\/v2\/pages"}],"about":[{"href":"https:\/\/poloniabrasil.org.br\/site\/wp-json\/wp\/v2\/types\/page"}],"author":[{"embeddable":true,"href":"https:\/\/poloniabrasil.org.br\/site\/wp-json\/wp\/v2\/users\/1"}],"replies":[{"embeddable":true,"href":"https:\/\/poloniabrasil.org.br\/site\/wp-json\/wp\/v2\/comments?post=4079"}],"version-history":[{"count":3,"href":"https:\/\/poloniabrasil.org.br\/site\/wp-json\/wp\/v2\/pages\/4079\/revisions"}],"predecessor-version":[{"id":4085,"href":"https:\/\/poloniabrasil.org.br\/site\/wp-json\/wp\/v2\/pages\/4079\/revisions\/4085"}],"wp:attachment":[{"href":"https:\/\/poloniabrasil.org.br\/site\/wp-json\/wp\/v2\/media?parent=4079"}],"curies":[{"name":"wp","href":"https:\/\/api.w.org\/{rel}","templated":true}]}}