{"id":4049,"date":"2024-12-01T11:44:20","date_gmt":"2024-12-01T14:44:20","guid":{"rendered":"https:\/\/poloniabrasil.org.br\/site\/?page_id=4049"},"modified":"2025-01-05T16:53:36","modified_gmt":"2025-01-05T19:53:36","slug":"biblioteca","status":"publish","type":"page","link":"https:\/\/poloniabrasil.org.br\/site\/biblioteca\/","title":{"rendered":"Biblioteca"},"content":{"rendered":"\n<p>Fundada em 10 de dezembro de 2021 com apoio do Consulado Geral da Rep\u00fablica da Pol\u00f4nia, a Biblioteca Polono-Brasileira Segismundo Sielski funciona no espa\u00e7o da Casa da Cultura Pol\u00f4nia Brasil (CCPB), junto \u00e0 Sociedade Polono-Brasileira Tadeusz Ko\u015bciuszko (STK). O nome da biblioteca \u00e9 uma homenagem a Segismundo Sielski, que, por mais de sete d\u00e9cadas, trabalhou para a manuten\u00e7\u00e3o dessa sociedade polono-brasileira.<br>Em 2024, a CCPB come\u00e7a a disponibilizar a busca online dos t\u00edtulos que constam no acervo da biblioteca, facilitando, deste modo, o acesso de pesquisadores e demais pessoas interessadas, que poder\u00e3o consultar presencialmente, e mediante agendamento pr\u00e9vio, as obras de seu interesse.<br>Parte significativa desse acervo pertencia \u00e0 Biblioteca P\u00fablica do Paran\u00e1 que, n\u00e3o tendo interesse em mant\u00ea-lo, transferiu-o para o Consulado Geral da Rep\u00fablica da Pol\u00f4nia. Em 2024, gra\u00e7as ao financiamento obtido junto ao governo polon\u00eas, foi poss\u00edvel colocar em pr\u00e1tica um projeto, idealizado por Marcos Nogas, com vistas \u00e0 organiza\u00e7\u00e3o e controle desse acervo.<br>A biblioteca conta com mais de mil livros, publicados, em sua maioria, entre o fim do s\u00e9culo XIX e a d\u00e9cada de 70 do s\u00e9culo XX. Trata-se, portanto, de uma consider\u00e1vel fonte para pesquisa sobre temas poloneses e polono-brasileiros.<br>Uma parte do acervo \u00e9 composta por obras trazidas para o Brasil pelos imigrantes poloneses que aqui se estabeleceram. Outra parte engloba obras escritas por autores poloneses imigrantes ou polono-brasileiros, publicadas por editoras pol\u00f4nicas que funcionaram no Brasil no s\u00e9culo passado.<br>O acervo da biblioteca conta com obras diversas, que v\u00e3o desde cartilhas escolares e almanaques poloneses no estilo Reader\u2019s Digest, passando por t\u00edtulos sobre Religi\u00e3o e Filosofia, Ci\u00eancias Sociais, Geografia e Hist\u00f3ria, contando igualmente com um n\u00famero consider\u00e1vel de importantes obras da literatura polonesa. Entre as preciosidades do acervo est\u00e3o, por exemplo, uma obra com registros fotogr\u00e1ficos feitos durante o Levante de Vars\u00f3via e tradu\u00e7\u00f5es, para o polon\u00eas, de livros&nbsp;de&nbsp;Jorge&nbsp;Amado.<\/p>\n\n\n\n<p><\/p>\n\n\n\n<div class=\"wp-block-buttons alignwide is-content-justification-center is-layout-flex wp-container-core-buttons-is-layout-a89b3969 wp-block-buttons-is-layout-flex\">\n<div class=\"wp-block-button\"><a class=\"wp-block-button__link has-text-align-center wp-element-button\" href=\"https:\/\/poloniabrasil.org.br\/site\/biblioteca-consulta\/\">CLIQUE AQUI PARA ASSESSAR O SISTEMA DA BIBLIOTECA<\/a><\/div>\n<\/div>\n\n\n\n<p><\/p>\n\n\n\n<p><\/p>\n","protected":false},"excerpt":{"rendered":"<p>Fundada em 10 de dezembro de 2021 com apoio do Consulado Geral da Rep\u00fablica da Pol\u00f4nia, a Biblioteca Polono-Brasileira Segismundo Sielski funciona no espa\u00e7o da Casa da Cultura Pol\u00f4nia Brasil (CCPB), junto \u00e0 Sociedade Polono-Brasileira Tadeusz Ko\u015bciuszko (STK). O nome da biblioteca \u00e9 uma homenagem a Segismundo Sielski, que, por mais de sete d\u00e9cadas, trabalhou [&hellip;]<\/p>\n","protected":false},"author":1,"featured_media":0,"parent":0,"menu_order":0,"comment_status":"closed","ping_status":"closed","template":"","meta":{"advgb_blocks_editor_width":"","advgb_blocks_columns_visual_guide":"","site-sidebar-layout":"default","site-content-layout":"","ast-site-content-layout":"","site-content-style":"default","site-sidebar-style":"default","ast-global-header-display":"","ast-banner-title-visibility":"","ast-main-header-display":"","ast-hfb-above-header-display":"","ast-hfb-below-header-display":"","ast-hfb-mobile-header-display":"","site-post-title":"","ast-breadcrumbs-content":"","ast-featured-img":"","footer-sml-layout":"","theme-transparent-header-meta":"","adv-header-id-meta":"","stick-header-meta":"","header-above-stick-meta":"","header-main-stick-meta":"","header-below-stick-meta":"","astra-migrate-meta-layouts":"default","ast-page-background-enabled":"default","ast-page-background-meta":{"desktop":{"background-color":"var(--ast-global-color-4)","background-image":"","background-repeat":"repeat","background-position":"center center","background-size":"auto","background-attachment":"scroll","background-type":"","background-media":"","overlay-type":"","overlay-color":"","overlay-opacity":"","overlay-gradient":""},"tablet":{"background-color":"","background-image":"","background-repeat":"repeat","background-position":"center center","background-size":"auto","background-attachment":"scroll","background-type":"","background-media":"","overlay-type":"","overlay-color":"","overlay-opacity":"","overlay-gradient":""},"mobile":{"background-color":"","background-image":"","background-repeat":"repeat","background-position":"center center","background-size":"auto","background-attachment":"scroll","background-type":"","background-media":"","overlay-type":"","overlay-color":"","overlay-opacity":"","overlay-gradient":""}},"ast-content-background-meta":{"desktop":{"background-color":"var(--ast-global-color-5)","background-image":"","background-repeat":"repeat","background-position":"center center","background-size":"auto","background-attachment":"scroll","background-type":"","background-media":"","overlay-type":"","overlay-color":"","overlay-opacity":"","overlay-gradient":""},"tablet":{"background-color":"var(--ast-global-color-5)","background-image":"","background-repeat":"repeat","background-position":"center center","background-size":"auto","background-attachment":"scroll","background-type":"","background-media":"","overlay-type":"","overlay-color":"","overlay-opacity":"","overlay-gradient":""},"mobile":{"background-color":"var(--ast-global-color-5)","background-image":"","background-repeat":"repeat","background-position":"center center","background-size":"auto","background-attachment":"scroll","background-type":"","background-media":"","overlay-type":"","overlay-color":"","overlay-opacity":"","overlay-gradient":""}},"footnotes":""},"class_list":["post-4049","page","type-page","status-publish","hentry"],"coauthors":[],"author_meta":{"author_link":"https:\/\/poloniabrasil.org.br\/site\/author\/adm_casa\/","display_name":"adm_casa"},"relative_dates":{"created":"Publicado 1 ano atr\u00e1s","modified":"Atualizado 1 ano atr\u00e1s"},"absolute_dates":{"created":"Publicado em 1 de dezembro de 2024","modified":"Atualizado em 5 de janeiro de 2025"},"absolute_dates_time":{"created":"Publicado em 1 de dezembro de 2024 11:44","modified":"Atualizado em 5 de janeiro de 2025 16:53"},"featured_img_caption":"","featured_img":false,"series_order":"","jetpack_sharing_enabled":true,"_links":{"self":[{"href":"https:\/\/poloniabrasil.org.br\/site\/wp-json\/wp\/v2\/pages\/4049","targetHints":{"allow":["GET"]}}],"collection":[{"href":"https:\/\/poloniabrasil.org.br\/site\/wp-json\/wp\/v2\/pages"}],"about":[{"href":"https:\/\/poloniabrasil.org.br\/site\/wp-json\/wp\/v2\/types\/page"}],"author":[{"embeddable":true,"href":"https:\/\/poloniabrasil.org.br\/site\/wp-json\/wp\/v2\/users\/1"}],"replies":[{"embeddable":true,"href":"https:\/\/poloniabrasil.org.br\/site\/wp-json\/wp\/v2\/comments?post=4049"}],"version-history":[{"count":13,"href":"https:\/\/poloniabrasil.org.br\/site\/wp-json\/wp\/v2\/pages\/4049\/revisions"}],"predecessor-version":[{"id":4108,"href":"https:\/\/poloniabrasil.org.br\/site\/wp-json\/wp\/v2\/pages\/4049\/revisions\/4108"}],"wp:attachment":[{"href":"https:\/\/poloniabrasil.org.br\/site\/wp-json\/wp\/v2\/media?parent=4049"}],"curies":[{"name":"wp","href":"https:\/\/api.w.org\/{rel}","templated":true}]}}