{"id":3280,"date":"2022-07-06T19:11:42","date_gmt":"2022-07-06T22:11:42","guid":{"rendered":"http:\/\/poloniabrasil.org.br\/site\/home-polski\/"},"modified":"2022-08-17T16:31:15","modified_gmt":"2022-08-17T19:31:15","slug":"home-polski","status":"publish","type":"page","link":"https:\/\/poloniabrasil.org.br\/site\/pl\/home-polski\/","title":{"rendered":"home &#8211; Polski"},"content":{"rendered":"<p><!--:pt--><\/p>\n<p>DOM KULTURY POLSKA BRAZYLIA, to osoba prawna, bez cel\u00f3w ekonomicznych, o charakterze kulturalnym, edukacyjnym, spo\u0142ecznym i sportowym. W\u015br\u00f3d jej cel\u00f3w s\u0105 badania, wsp\u00f3\u0142praca\u200b pomi\u0119dzy\u200b \u200bPolsk\u0105 i \u200b \u200bBrazyli\u0105\u200b\u200b, wsp\u00f3\u0142praca z innymi organizacjami Polsko-Brazylijskimi, promocja dziedzictwa kulturowego, tradycji i zwyczaj\u00f3w,sprzyjanie integracji wsp\u00f3lnoty Polsko-Brazylijskiej i \u200brealizacja przedsi\u0119wzi\u0119\u0107 i projekt\u00f3w.<\/p>\n<p><img loading=\"lazy\" decoding=\"async\" class=\"alignleft size-full wp-image-143\" src=\"http:\/\/poloniabrasil.org.br\/wp-content\/uploads\/2015\/01\/casa.jpg\" alt=\"casa\" width=\"165\" height=\"268\"><\/p>\n<div>\n<p>Dom Kultury Polska Brazylia powi\u0105zany jest partnerstwem z Towarzystwem im. Tadeusza Ko\u015bciuszki w Kurytybie, za\u0142o\u017conym w roku 1889<\/p>\n<p>Kt\u00f3re uznawane jest za najstarsz\u0105 instytucj\u0119 Polsko &#8211; Brazylijsk\u0105 w Ameryce \u0141aci\u0144skiej. Obie organizacje dzia\u0142aj\u0105 pod tym samym dachem spe\u0142niaj\u0105c odr\u0119bne funkcje.<\/p>\n<p>Adres :Rua \u00c9bano Pereira, 502, Centro, em Curitiba -PR, CEP 80410-240.<\/p>\n<p>Prosz\u0119 zam\u00f3wi\u0107 wizyt\u0119 poprzez e-mail: contato@poloniabrasil.org.br<\/p>\n<\/div>\n<p><!--:--><\/p>\n","protected":false},"excerpt":{"rendered":"<p>DOM KULTURY POLSKA BRAZYLIA, to osoba prawna, bez cel\u00f3w ekonomicznych, o charakterze kulturalnym, edukacyjnym, spo\u0142ecznym i sportowym. W\u015br\u00f3d jej cel\u00f3w s\u0105 badania, wsp\u00f3\u0142praca\u200b pomi\u0119dzy\u200b \u200bPolsk\u0105 i \u200b \u200bBrazyli\u0105\u200b\u200b, wsp\u00f3\u0142praca z innymi organizacjami Polsko-Brazylijskimi, promocja dziedzictwa kulturowego, tradycji i zwyczaj\u00f3w,sprzyjanie integracji wsp\u00f3lnoty Polsko-Brazylijskiej i \u200brealizacja przedsi\u0119wzi\u0119\u0107 i projekt\u00f3w. Dom Kultury Polska Brazylia powi\u0105zany jest partnerstwem z [&hellip;]<\/p>\n","protected":false},"author":1,"featured_media":0,"parent":0,"menu_order":0,"comment_status":"closed","ping_status":"closed","template":"","meta":{"advgb_blocks_editor_width":"","advgb_blocks_columns_visual_guide":"","site-sidebar-layout":"default","site-content-layout":"","ast-site-content-layout":"","site-content-style":"default","site-sidebar-style":"default","ast-global-header-display":"","ast-banner-title-visibility":"","ast-main-header-display":"","ast-hfb-above-header-display":"","ast-hfb-below-header-display":"","ast-hfb-mobile-header-display":"","site-post-title":"disabled","ast-breadcrumbs-content":"","ast-featured-img":"","footer-sml-layout":"","theme-transparent-header-meta":"","adv-header-id-meta":"","stick-header-meta":"","header-above-stick-meta":"","header-main-stick-meta":"","header-below-stick-meta":"","astra-migrate-meta-layouts":"default","ast-page-background-enabled":"default","ast-page-background-meta":{"desktop":{"background-color":"var(--ast-global-color-4)","background-image":"","background-repeat":"repeat","background-position":"center center","background-size":"auto","background-attachment":"scroll","background-type":"","background-media":"","overlay-type":"","overlay-color":"","overlay-opacity":"","overlay-gradient":""},"tablet":{"background-color":"","background-image":"","background-repeat":"repeat","background-position":"center center","background-size":"auto","background-attachment":"scroll","background-type":"","background-media":"","overlay-type":"","overlay-color":"","overlay-opacity":"","overlay-gradient":""},"mobile":{"background-color":"","background-image":"","background-repeat":"repeat","background-position":"center center","background-size":"auto","background-attachment":"scroll","background-type":"","background-media":"","overlay-type":"","overlay-color":"","overlay-opacity":"","overlay-gradient":""}},"ast-content-background-meta":{"desktop":{"background-color":"var(--ast-global-color-5)","background-image":"","background-repeat":"repeat","background-position":"center center","background-size":"auto","background-attachment":"scroll","background-type":"","background-media":"","overlay-type":"","overlay-color":"","overlay-opacity":"","overlay-gradient":""},"tablet":{"background-color":"var(--ast-global-color-5)","background-image":"","background-repeat":"repeat","background-position":"center center","background-size":"auto","background-attachment":"scroll","background-type":"","background-media":"","overlay-type":"","overlay-color":"","overlay-opacity":"","overlay-gradient":""},"mobile":{"background-color":"var(--ast-global-color-5)","background-image":"","background-repeat":"repeat","background-position":"center center","background-size":"auto","background-attachment":"scroll","background-type":"","background-media":"","overlay-type":"","overlay-color":"","overlay-opacity":"","overlay-gradient":""}},"footnotes":""},"class_list":["post-3280","page","type-page","status-publish","hentry"],"coauthors":[],"author_meta":{"author_link":"https:\/\/poloniabrasil.org.br\/site\/author\/adm_casa\/","display_name":"adm_casa"},"relative_dates":{"created":"Publicado 4 anos atr\u00e1s","modified":"Atualizado 4 anos atr\u00e1s"},"absolute_dates":{"created":"Publicado em 6 de julho de 2022","modified":"Atualizado em 17 de agosto de 2022"},"absolute_dates_time":{"created":"Publicado em 6 de julho de 2022 19:11","modified":"Atualizado em 17 de agosto de 2022 16:31"},"featured_img_caption":"","featured_img":false,"series_order":"","jetpack_sharing_enabled":true,"_links":{"self":[{"href":"https:\/\/poloniabrasil.org.br\/site\/wp-json\/wp\/v2\/pages\/3280","targetHints":{"allow":["GET"]}}],"collection":[{"href":"https:\/\/poloniabrasil.org.br\/site\/wp-json\/wp\/v2\/pages"}],"about":[{"href":"https:\/\/poloniabrasil.org.br\/site\/wp-json\/wp\/v2\/types\/page"}],"author":[{"embeddable":true,"href":"https:\/\/poloniabrasil.org.br\/site\/wp-json\/wp\/v2\/users\/1"}],"replies":[{"embeddable":true,"href":"https:\/\/poloniabrasil.org.br\/site\/wp-json\/wp\/v2\/comments?post=3280"}],"version-history":[{"count":1,"href":"https:\/\/poloniabrasil.org.br\/site\/wp-json\/wp\/v2\/pages\/3280\/revisions"}],"predecessor-version":[{"id":3310,"href":"https:\/\/poloniabrasil.org.br\/site\/wp-json\/wp\/v2\/pages\/3280\/revisions\/3310"}],"wp:attachment":[{"href":"https:\/\/poloniabrasil.org.br\/site\/wp-json\/wp\/v2\/media?parent=3280"}],"curies":[{"name":"wp","href":"https:\/\/api.w.org\/{rel}","templated":true}]}}