{"id":1212,"date":"2017-07-27T23:34:45","date_gmt":"2017-07-27T23:34:45","guid":{"rendered":"http:\/\/poloniabrasil.org.br\/?page_id=1212"},"modified":"2022-06-17T21:17:35","modified_gmt":"2022-06-18T00:17:35","slug":"boletim-tak","status":"publish","type":"page","link":"https:\/\/poloniabrasil.org.br\/site\/boletim-tak\/","title":{"rendered":"Boletim TAK! Mais Informa\u00e7\u00f5es"},"content":{"rendered":"<p><!--:pt-->O Boletim TAK! Agenda Cultural Pol\u00f4nia Brasil \u00e9 um ve\u00edculo de comunica\u00e7\u00e3o que tem como objetivo principal disseminar as express\u00f5es culturais polonesas e pol\u00f4nicas, assim como o de divulgar eventos e atividades relativos \u00e0s comunidades de descendentes poloneses em todo o Brasil. Foi lan\u00e7ado em maio de 2017, com edi\u00e7\u00f5es bimensais on-line e conta com colunas permanentes de artes pl\u00e1sticas, cinema, culin\u00e1ria, hist\u00f3ria, lingu\u00edstica e cr\u00f4nicas autorais. Recebe continuamente as colabora\u00e7\u00f5es de escritores de \u00e1reas diversas do conhecimento, de todo o pa\u00eds e tamb\u00e9m do exterior.<\/p>\n<p>O TAK! \u00e9 vinculado \u00e0 Casa da Cultura Pol\u00f4nia Brasil e tem o apoio do Consulado da Rep\u00fablica da Pol\u00f4nia em Curitiba, Paran\u00e1. Zapraszamy!<\/p>\n<p><em>Izabel Liviski, Diretora de Reda\u00e7\u00e3o.<\/em><!--:--><\/p>\n","protected":false},"excerpt":{"rendered":"<p>O Boletim TAK! Agenda Cultural Pol\u00f4nia Brasil \u00e9 um ve\u00edculo de comunica\u00e7\u00e3o que tem como objetivo principal disseminar as express\u00f5es culturais polonesas e pol\u00f4nicas, assim como o de divulgar eventos e atividades relativos \u00e0s comunidades de descendentes poloneses em todo o Brasil. Foi lan\u00e7ado em maio de 2017, com edi\u00e7\u00f5es bimensais on-line e conta com [&hellip;]<\/p>\n","protected":false},"author":1,"featured_media":0,"parent":0,"menu_order":0,"comment_status":"closed","ping_status":"closed","template":"","meta":{"advgb_blocks_editor_width":"","advgb_blocks_columns_visual_guide":"","site-sidebar-layout":"default","site-content-layout":"","ast-site-content-layout":"","site-content-style":"default","site-sidebar-style":"default","ast-global-header-display":"","ast-banner-title-visibility":"","ast-main-header-display":"","ast-hfb-above-header-display":"","ast-hfb-below-header-display":"","ast-hfb-mobile-header-display":"","site-post-title":"","ast-breadcrumbs-content":"","ast-featured-img":"","footer-sml-layout":"","theme-transparent-header-meta":"","adv-header-id-meta":"","stick-header-meta":"","header-above-stick-meta":"","header-main-stick-meta":"","header-below-stick-meta":"","astra-migrate-meta-layouts":"default","ast-page-background-enabled":"default","ast-page-background-meta":{"desktop":{"background-color":"var(--ast-global-color-4)","background-image":"","background-repeat":"repeat","background-position":"center center","background-size":"auto","background-attachment":"scroll","background-type":"","background-media":"","overlay-type":"","overlay-color":"","overlay-opacity":"","overlay-gradient":""},"tablet":{"background-color":"","background-image":"","background-repeat":"repeat","background-position":"center center","background-size":"auto","background-attachment":"scroll","background-type":"","background-media":"","overlay-type":"","overlay-color":"","overlay-opacity":"","overlay-gradient":""},"mobile":{"background-color":"","background-image":"","background-repeat":"repeat","background-position":"center center","background-size":"auto","background-attachment":"scroll","background-type":"","background-media":"","overlay-type":"","overlay-color":"","overlay-opacity":"","overlay-gradient":""}},"ast-content-background-meta":{"desktop":{"background-color":"var(--ast-global-color-5)","background-image":"","background-repeat":"repeat","background-position":"center center","background-size":"auto","background-attachment":"scroll","background-type":"","background-media":"","overlay-type":"","overlay-color":"","overlay-opacity":"","overlay-gradient":""},"tablet":{"background-color":"var(--ast-global-color-5)","background-image":"","background-repeat":"repeat","background-position":"center center","background-size":"auto","background-attachment":"scroll","background-type":"","background-media":"","overlay-type":"","overlay-color":"","overlay-opacity":"","overlay-gradient":""},"mobile":{"background-color":"var(--ast-global-color-5)","background-image":"","background-repeat":"repeat","background-position":"center center","background-size":"auto","background-attachment":"scroll","background-type":"","background-media":"","overlay-type":"","overlay-color":"","overlay-opacity":"","overlay-gradient":""}},"footnotes":""},"class_list":["post-1212","page","type-page","status-publish","hentry"],"coauthors":[],"author_meta":{"author_link":"https:\/\/poloniabrasil.org.br\/site\/author\/adm_casa\/","display_name":"adm_casa"},"relative_dates":{"created":"Publicado 9 anos atr\u00e1s","modified":"Atualizado 4 anos atr\u00e1s"},"absolute_dates":{"created":"Publicado em 27 de julho de 2017","modified":"Atualizado em 17 de junho de 2022"},"absolute_dates_time":{"created":"Publicado em 27 de julho de 2017 23:34","modified":"Atualizado em 17 de junho de 2022 21:17"},"featured_img_caption":"","featured_img":false,"series_order":"","jetpack_sharing_enabled":true,"_links":{"self":[{"href":"https:\/\/poloniabrasil.org.br\/site\/wp-json\/wp\/v2\/pages\/1212","targetHints":{"allow":["GET"]}}],"collection":[{"href":"https:\/\/poloniabrasil.org.br\/site\/wp-json\/wp\/v2\/pages"}],"about":[{"href":"https:\/\/poloniabrasil.org.br\/site\/wp-json\/wp\/v2\/types\/page"}],"author":[{"embeddable":true,"href":"https:\/\/poloniabrasil.org.br\/site\/wp-json\/wp\/v2\/users\/1"}],"replies":[{"embeddable":true,"href":"https:\/\/poloniabrasil.org.br\/site\/wp-json\/wp\/v2\/comments?post=1212"}],"version-history":[{"count":1,"href":"https:\/\/poloniabrasil.org.br\/site\/wp-json\/wp\/v2\/pages\/1212\/revisions"}],"predecessor-version":[{"id":2924,"href":"https:\/\/poloniabrasil.org.br\/site\/wp-json\/wp\/v2\/pages\/1212\/revisions\/2924"}],"wp:attachment":[{"href":"https:\/\/poloniabrasil.org.br\/site\/wp-json\/wp\/v2\/media?parent=1212"}],"curies":[{"name":"wp","href":"https:\/\/api.w.org\/{rel}","templated":true}]}}