{"id":11,"date":"2015-01-13T17:29:50","date_gmt":"2015-01-13T17:29:50","guid":{"rendered":"http:\/\/poloniabrasil.org.br\/?page_id=11"},"modified":"2025-01-05T21:40:48","modified_gmt":"2025-01-06T00:40:48","slug":"quem-somos","status":"publish","type":"page","link":"https:\/\/poloniabrasil.org.br\/site\/quem-somos\/","title":{"rendered":"Quem somos"},"content":{"rendered":"\n<div class=\"wp-block-media-text is-stacked-on-mobile is-vertically-aligned-top\" style=\"grid-template-columns:17% auto\"><figure class=\"wp-block-media-text__media\"><img loading=\"lazy\" decoding=\"async\" width=\"165\" height=\"268\" src=\"http:\/\/poloniabrasil.org.br\/wp-content\/uploads\/2015\/01\/casa.jpg\" alt=\"casa\" class=\"wp-image-143 size-full\"\/><\/figure><div class=\"wp-block-media-text__content\">\n<p style=\"margin-top:0;margin-right:0;margin-bottom:0;margin-left:0;padding-top:0px;padding-bottom:0px\"><span style=\"font-size: 13.0pt; font-family: 'Arial','sans-serif'; color: #333333;\">CASA DA CULTURA POL\u00d4NIA BRASIL, \u00e9 uma entidade com personalidade jur\u00eddica de direito privado, sem fins econ\u00f4micos, de car\u00e1ter cultural, educacional, social e esportivo. Entre os objetivos est\u00e1: pesquisa, interc\u00e2mbio entre Pol\u00f4nia e Brasil, coopera\u00e7\u00e3o com entidades polonesas e brasileiras, promo\u00e7\u00e3o do patrim\u00f4nio, tradi\u00e7\u00e3o e costumes, contribuir para integra\u00e7\u00e3o da comunidade polono-brasileira e realiza\u00e7\u00e3o de eventos e projetos.<\/span><\/p>\n\n\n\n<p><span style=\"font-size: 13.0pt; font-family: 'Arial','sans-serif'; color: #333333;\">O funcionamento da Casa de Cultura Pol\u00f4nia Brasil ocorre em parceria com a Sociedade Polono-Brasileira Tadeusz Kosciusko, em Curitiba, que \u00e9 reconhecida como a institui\u00e7\u00e3o Polono-Brasileira mais antiga da Am\u00e9rica Latina, fundada em 1889.<\/span><\/p>\n\n\n\n<p><span style=\"font-size: 13.0pt; font-family: 'Arial','sans-serif'; color: #333333;\">&nbsp;As duas institui\u00e7\u00f5es exercem suas atividades no mesmo espa\u00e7o f\u00edsico, ambas cumprindo fun\u00e7\u00f5es distintas.<\/span><\/p>\n\n\n\n<p><span style=\"font-size: 13.0pt; font-family: 'Arial','sans-serif'; color: #333333;\">&nbsp;Dados do endere\u00e7o: Rua \u00c9bano Pereira, 502, Centro, em Curitiba \u2013 PR,&nbsp;CEP 80410-240<\/span><\/p>\n\n\n\n<p><span style=\"font-size: 13.0pt; font-family: 'Arial','sans-serif'; color: #333333;\">&nbsp;Agende sua visita por e-mail: <\/span><a href=\"mailto:contato@poloniabrasil.org.br\"><span style=\"font-size: 13.0pt; font-family: 'Arial','sans-serif';\">contato@poloniabrasil.org.br<\/span><\/a><\/p>\n<\/div><\/div>\n","protected":false},"excerpt":{"rendered":"<p>CASA DA CULTURA POL\u00d4NIA BRASIL, \u00e9 uma entidade com personalidade jur\u00eddica de direito privado, sem fins econ\u00f4micos, de car\u00e1ter cultural, educacional, social e esportivo. Entre os objetivos est\u00e1: pesquisa, interc\u00e2mbio entre Pol\u00f4nia e Brasil, coopera\u00e7\u00e3o com entidades polonesas e brasileiras, promo\u00e7\u00e3o do patrim\u00f4nio, tradi\u00e7\u00e3o e costumes, contribuir para integra\u00e7\u00e3o da comunidade polono-brasileira e realiza\u00e7\u00e3o de [&hellip;]<\/p>\n","protected":false},"author":1,"featured_media":0,"parent":0,"menu_order":0,"comment_status":"closed","ping_status":"open","template":"","meta":{"advgb_blocks_editor_width":"","advgb_blocks_columns_visual_guide":"","site-sidebar-layout":"default","site-content-layout":"","ast-site-content-layout":"default","site-content-style":"default","site-sidebar-style":"default","ast-global-header-display":"","ast-banner-title-visibility":"","ast-main-header-display":"","ast-hfb-above-header-display":"","ast-hfb-below-header-display":"","ast-hfb-mobile-header-display":"","site-post-title":"","ast-breadcrumbs-content":"","ast-featured-img":"","footer-sml-layout":"","theme-transparent-header-meta":"","adv-header-id-meta":"","stick-header-meta":"","header-above-stick-meta":"","header-main-stick-meta":"","header-below-stick-meta":"","astra-migrate-meta-layouts":"set","ast-page-background-enabled":"default","ast-page-background-meta":{"desktop":{"background-color":"var(--ast-global-color-4)","background-image":"","background-repeat":"repeat","background-position":"center center","background-size":"auto","background-attachment":"scroll","background-type":"","background-media":"","overlay-type":"","overlay-color":"","overlay-opacity":"","overlay-gradient":""},"tablet":{"background-color":"","background-image":"","background-repeat":"repeat","background-position":"center center","background-size":"auto","background-attachment":"scroll","background-type":"","background-media":"","overlay-type":"","overlay-color":"","overlay-opacity":"","overlay-gradient":""},"mobile":{"background-color":"","background-image":"","background-repeat":"repeat","background-position":"center center","background-size":"auto","background-attachment":"scroll","background-type":"","background-media":"","overlay-type":"","overlay-color":"","overlay-opacity":"","overlay-gradient":""}},"ast-content-background-meta":{"desktop":{"background-color":"var(--ast-global-color-5)","background-image":"","background-repeat":"repeat","background-position":"center center","background-size":"auto","background-attachment":"scroll","background-type":"","background-media":"","overlay-type":"","overlay-color":"","overlay-opacity":"","overlay-gradient":""},"tablet":{"background-color":"var(--ast-global-color-5)","background-image":"","background-repeat":"repeat","background-position":"center center","background-size":"auto","background-attachment":"scroll","background-type":"","background-media":"","overlay-type":"","overlay-color":"","overlay-opacity":"","overlay-gradient":""},"mobile":{"background-color":"var(--ast-global-color-5)","background-image":"","background-repeat":"repeat","background-position":"center center","background-size":"auto","background-attachment":"scroll","background-type":"","background-media":"","overlay-type":"","overlay-color":"","overlay-opacity":"","overlay-gradient":""}},"footnotes":""},"class_list":["post-11","page","type-page","status-publish","hentry"],"coauthors":[],"author_meta":{"author_link":"https:\/\/poloniabrasil.org.br\/site\/author\/adm_casa\/","display_name":"adm_casa"},"relative_dates":{"created":"Publicado 11 anos atr\u00e1s","modified":"Atualizado 1 ano atr\u00e1s"},"absolute_dates":{"created":"Publicado em 13 de janeiro de 2015","modified":"Atualizado em 5 de janeiro de 2025"},"absolute_dates_time":{"created":"Publicado em 13 de janeiro de 2015 17:29","modified":"Atualizado em 5 de janeiro de 2025 21:40"},"featured_img_caption":"","featured_img":false,"series_order":"","jetpack_sharing_enabled":true,"_links":{"self":[{"href":"https:\/\/poloniabrasil.org.br\/site\/wp-json\/wp\/v2\/pages\/11","targetHints":{"allow":["GET"]}}],"collection":[{"href":"https:\/\/poloniabrasil.org.br\/site\/wp-json\/wp\/v2\/pages"}],"about":[{"href":"https:\/\/poloniabrasil.org.br\/site\/wp-json\/wp\/v2\/types\/page"}],"author":[{"embeddable":true,"href":"https:\/\/poloniabrasil.org.br\/site\/wp-json\/wp\/v2\/users\/1"}],"replies":[{"embeddable":true,"href":"https:\/\/poloniabrasil.org.br\/site\/wp-json\/wp\/v2\/comments?post=11"}],"version-history":[{"count":5,"href":"https:\/\/poloniabrasil.org.br\/site\/wp-json\/wp\/v2\/pages\/11\/revisions"}],"predecessor-version":[{"id":4119,"href":"https:\/\/poloniabrasil.org.br\/site\/wp-json\/wp\/v2\/pages\/11\/revisions\/4119"}],"wp:attachment":[{"href":"https:\/\/poloniabrasil.org.br\/site\/wp-json\/wp\/v2\/media?parent=11"}],"curies":[{"name":"wp","href":"https:\/\/api.w.org\/{rel}","templated":true}]}}